{"id":36,"date":"2024-01-22T15:35:10","date_gmt":"2024-01-22T15:35:10","guid":{"rendered":"https:\/\/www.himla.fi\/?page_id=36"},"modified":"2024-01-23T08:15:31","modified_gmt":"2024-01-23T08:15:31","slug":"contact","status":"publish","type":"page","link":"https:\/\/www.himla.fi\/index.php\/contact\/","title":{"rendered":"Contact"},"content":{"rendered":"<div class=\"wpb-content-wrapper\"><p>[vc_row height_ratio=&#8221;30&#8243; padding_top_multiplier=&#8221;3x&#8221; padding_bottom_multiplier=&#8221;4x&#8221; rc_link_color=&#8221;blue&#8221;][vc_column]<div class=\"grve-empty-space grve-height-4x\"><\/div>[\/vc_column][\/vc_row][vc_row padding_top_multiplier=&#8221;3x&#8221; padding_bottom_multiplier=&#8221;4x&#8221; mobile_columns_vertical_gap=&#8221;none&#8221;][vc_column width=&#8221;1\/4&#8243; tablet_sm_width=&#8221;1-6&#8243;][\/vc_column][vc_column width=&#8221;1\/2&#8243; content_width=&#8221;custom&#8221; horizontal_content_position=&#8221;center&#8221; text_align=&#8221;center&#8221; tablet_sm_width=&#8221;2-3&#8243; custom_content_width=&#8221;470&#8243;][vc_custom_heading text=&#8221;HIMLA arkkitehdit Oy&#8221; font_container=&#8221;tag:h4|text_align:center&#8221; google_fonts=&#8221;font_family:Open%20Sans%3A300%2C300italic%2Cregular%2Citalic%2C600%2C600italic%2C700%2C700italic%2C800%2C800italic|font_style:300%20light%20regular%3A300%3Anormal&#8221;]<div class=\"grve-empty-space grve-height-4x\"><\/div><h5 class=\"grve-element grve-title grve-align-inherit grve-h6\"><span>Sivustomme kokee uudistuksen. L\u00f6yd\u00e4t meid\u00e4t kuitenkin jatkossakin tutuista toimipisteist\u00e4mme, Tampereelta ja Lahdesta.<\/span><\/h5>[\/vc_column][vc_column width=&#8221;1\/4&#8243; tablet_sm_width=&#8221;1-6&#8243;][\/vc_column][vc_column vertical_content_position=&#8221;middle&#8221; text_align=&#8221;center&#8221;]<div class=\"grve-empty-space grve-height-3x\"><\/div>[\/vc_column][vc_column vertical_content_position=&#8221;middle&#8221;][vc_row_inner padding_bottom_multiplier=&#8221;3x&#8221; columns_gap=&#8221;none&#8221; mobile_columns_vertical_gap=&#8221;none&#8221;][vc_column_inner width=&#8221;1\/2&#8243; text_align=&#8221;center&#8221; animation_delay=&#8221;200&#8243; grve_css=&#8221;{&#8221;desktop&#8221;:{&#8221;border-right&#8221;:1,&#8221;padding-top&#8221;:&#8221;30&#8221;,&#8221;padding-right&#8221;:&#8221;30&#8221;,&#8221;padding-bottom&#8221;:&#8221;30&#8221;,&#8221;padding-left&#8221;:&#8221;30&#8221;,&#8221;border-color&#8221;:&#8221;#e1e1e1&#8221;,&#8221;border-style&#8221;:&#8221;solid&#8221;,&#8221;class&#8221;:&#8221;grve-wpb-1705938874194&#8221;},&#8221;mobile_landscape&#8221;:{&#8221;border-right&#8221;:0,&#8221;border-bottom&#8221;:1}}&#8221;]<h3 class=\"grve-element grve-title grve-align-inherit grve-h6\" style=\"margin-bottom: 18px;\"><span>Tampere<\/span><\/h3>[vc_column_text]Aleksis Kiven katu 20A,<br \/>\n33200 Tampere<br \/>\n<a href=\"mailto:info@himla.fi\">info@himla.fi<\/a>[\/vc_column_text]<div class=\"grve-empty-space grve-height-1x\"><\/div>[\/vc_column_inner][vc_column_inner width=&#8221;1\/2&#8243; text_align=&#8221;center&#8221; animation_delay=&#8221;300&#8243; grve_css=&#8221;{&#8221;desktop&#8221;:{&#8221;border-right&#8221;:1,&#8221;padding-top&#8221;:&#8221;30&#8221;,&#8221;padding-right&#8221;:&#8221;30&#8221;,&#8221;padding-bottom&#8221;:&#8221;30&#8221;,&#8221;padding-left&#8221;:&#8221;30&#8221;,&#8221;border-color&#8221;:&#8221;#e1e1e1&#8221;,&#8221;border-style&#8221;:&#8221;solid&#8221;,&#8221;class&#8221;:&#8221;grve-wpb-1705938887511&#8221;},&#8221;mobile_landscape&#8221;:{&#8221;border-right&#8221;:0,&#8221;border-bottom&#8221;:1}}&#8221;]<h3 class=\"grve-element grve-title grve-align-inherit grve-h6\" style=\"margin-bottom: 18px;\"><span>Lahti<\/span><\/h3>[vc_column_text]Aleksanterinkatu 17 A,<br \/>\n15110 Lahti<br \/>\n<a href=\"mailto:info@himla.fi\">info@himla.fi<\/a>[\/vc_column_text]<div class=\"grve-empty-space grve-height-1x\"><\/div>[\/vc_column_inner][\/vc_row_inner][\/vc_column][vc_column]<div class=\"grve-empty-space grve-height-4x\"><\/div>[vc_row_inner][vc_column_inner width=&#8221;1\/2&#8243;][vc_column_text]<iframe loading=\"lazy\" style=\"border: 0;\" src=\"https:\/\/www.google.com\/maps\/embed?pb=!1m18!1m12!1m3!1d1903.8645313066168!2d23.759470600000004!3d61.4985658!2m3!1f0!2f0!3f0!3m2!1i1024!2i768!4f13.1!3m3!1m2!1s0x468ed8aeafa98f75%3A0xa432511b29d91203!2sAleksis%20Kiven%20katu%2020a%2C%2033210%20Tampere!5e0!3m2!1sfi!2sfi!4v1705938564672!5m2!1sfi!2sfi\" width=\"600\" height=\"250\" allowfullscreen=\"allowfullscreen\"><\/iframe>[\/vc_column_text][\/vc_column_inner][vc_column_inner width=&#8221;1\/2&#8243;][vc_column_text]<iframe loading=\"lazy\" style=\"border: 0;\" src=\"https:\/\/www.google.com\/maps\/embed?pb=!1m18!1m12!1m3!1d1935.350855174598!2d25.655638413570554!3d60.982782275354516!2m3!1f0!2f0!3f0!3m2!1i1024!2i768!4f13.1!3m3!1m2!1s0x468e2853b5b17ddb%3A0xfb383082ab0cf45b!2sAleksanterinkatu%2017a%2C%2015110%20Lahti!5e0!3m2!1sfi!2sfi!4v1705938613787!5m2!1sfi!2sfi\" width=\"600\" height=\"250\" allowfullscreen=\"allowfullscreen\"><\/iframe>[\/vc_column_text][\/vc_column_inner][\/vc_row_inner][\/vc_column][vc_column]<div class=\"grve-empty-space grve-height-4x\"><\/div>[\/vc_column][\/vc_row]<\/p>\n<\/div>","protected":false},"excerpt":{"rendered":"<p>[vc_row height_ratio=&#8221;30&#8243; padding_top_multiplier=&#8221;3x&#8221; padding_bottom_multiplier=&#8221;4x&#8221; rc_link_color=&#8221;blue&#8221;][vc_column][\/vc_column][\/vc_row][vc_row padding_top_multiplier=&#8221;3x&#8221; padding_bottom_multiplier=&#8221;4x&#8221; mobile_columns_vertical_gap=&#8221;none&#8221;][vc_column width=&#8221;1\/4&#8243; tablet_sm_width=&#8221;1-6&#8243;][\/vc_column][vc_column width=&#8221;1\/2&#8243; content_width=&#8221;custom&#8221; horizontal_content_position=&#8221;center&#8221; text_align=&#8221;center&#8221; tablet_sm_width=&#8221;2-3&#8243; custom_content_width=&#8221;470&#8243;][vc_custom_heading text=&#8221;HIMLA arkkitehdit Oy&#8221; font_container=&#8221;tag:h4|text_align:center&#8221; google_fonts=&#8221;font_family:Open%20Sans%3A300%2C300italic%2Cregular%2Citalic%2C600%2C600italic%2C700%2C700italic%2C800%2C800italic|font_style:300%20light%20regular%3A300%3Anormal&#8221;][\/vc_column][vc_column width=&#8221;1\/4&#8243; tablet_sm_width=&#8221;1-6&#8243;][\/vc_column][vc_column vertical_content_position=&#8221;middle&#8221; text_align=&#8221;center&#8221;][\/vc_column][vc_column vertical_content_position=&#8221;middle&#8221;][vc_row_inner padding_bottom_multiplier=&#8221;3x&#8221; columns_gap=&#8221;none&#8221; mobile_columns_vertical_gap=&#8221;none&#8221;][vc_column_inner width=&#8221;1\/2&#8243; text_align=&#8221;center&#8221; animation_delay=&#8221;200&#8243; grve_css=&#8221;{&#8221;desktop&#8221;:{&#8221;border-right&#8221;:1,&#8221;padding-top&#8221;:&#8221;30&#8221;,&#8221;padding-right&#8221;:&#8221;30&#8221;,&#8221;padding-bottom&#8221;:&#8221;30&#8221;,&#8221;padding-left&#8221;:&#8221;30&#8221;,&#8221;border-color&#8221;:&#8221;#e1e1e1&#8221;,&#8221;border-style&#8221;:&#8221;solid&#8221;,&#8221;class&#8221;:&#8221;grve-wpb-1705938874194&#8221;},&#8221;mobile_landscape&#8221;:{&#8221;border-right&#8221;:0,&#8221;border-bottom&#8221;:1}}&#8221;][vc_column_text]Aleksis Kiven katu 20A, 33200 Tampere info@himla.fi[\/vc_column_text][\/vc_column_inner][vc_column_inner width=&#8221;1\/2&#8243; text_align=&#8221;center&#8221; animation_delay=&#8221;300&#8243; grve_css=&#8221;{&#8221;desktop&#8221;:{&#8221;border-right&#8221;:1,&#8221;padding-top&#8221;:&#8221;30&#8221;,&#8221;padding-right&#8221;:&#8221;30&#8221;,&#8221;padding-bottom&#8221;:&#8221;30&#8221;,&#8221;padding-left&#8221;:&#8221;30&#8221;,&#8221;border-color&#8221;:&#8221;#e1e1e1&#8221;,&#8221;border-style&#8221;:&#8221;solid&#8221;,&#8221;class&#8221;:&#8221;grve-wpb-1705938887511&#8221;},&#8221;mobile_landscape&#8221;:{&#8221;border-right&#8221;:0,&#8221;border-bottom&#8221;:1}}&#8221;][vc_column_text]Aleksanterinkatu 17 A, 15110 Lahti info@himla.fi[\/vc_column_text][\/vc_column_inner][\/vc_row_inner][\/vc_column][vc_column][vc_row_inner][vc_column_inner width=&#8221;1\/2&#8243;][vc_column_text][\/vc_column_text][\/vc_column_inner][vc_column_inner width=&#8221;1\/2&#8243;][vc_column_text][\/vc_column_text][\/vc_column_inner][\/vc_row_inner][\/vc_column][vc_column][\/vc_column][\/vc_row]<\/p>\n","protected":false},"author":1,"featured_media":0,"parent":0,"menu_order":0,"comment_status":"closed","ping_status":"closed","template":"page-templates\/template-content-only.php","meta":{"footnotes":""},"class_list":["post-36","page","type-page","status-publish","hentry","grve-entry-item"],"_links":{"self":[{"href":"https:\/\/www.himla.fi\/index.php\/wp-json\/wp\/v2\/pages\/36","targetHints":{"allow":["GET"]}}],"collection":[{"href":"https:\/\/www.himla.fi\/index.php\/wp-json\/wp\/v2\/pages"}],"about":[{"href":"https:\/\/www.himla.fi\/index.php\/wp-json\/wp\/v2\/types\/page"}],"author":[{"embeddable":true,"href":"https:\/\/www.himla.fi\/index.php\/wp-json\/wp\/v2\/users\/1"}],"replies":[{"embeddable":true,"href":"https:\/\/www.himla.fi\/index.php\/wp-json\/wp\/v2\/comments?post=36"}],"version-history":[{"count":11,"href":"https:\/\/www.himla.fi\/index.php\/wp-json\/wp\/v2\/pages\/36\/revisions"}],"predecessor-version":[{"id":48,"href":"https:\/\/www.himla.fi\/index.php\/wp-json\/wp\/v2\/pages\/36\/revisions\/48"}],"wp:attachment":[{"href":"https:\/\/www.himla.fi\/index.php\/wp-json\/wp\/v2\/media?parent=36"}],"curies":[{"name":"wp","href":"https:\/\/api.w.org\/{rel}","templated":true}]}}