{"id":49,"date":"2024-01-23T09:28:16","date_gmt":"2024-01-23T09:28:16","guid":{"rendered":"https:\/\/www.himla.fi\/?page_id=49"},"modified":"2024-03-07T07:49:05","modified_gmt":"2024-03-07T07:49:05","slug":"contact-2","status":"publish","type":"page","link":"https:\/\/www.himla.fi\/index.php\/contact-2\/","title":{"rendered":"Contact"},"content":{"rendered":"<div class=\"wpb-content-wrapper\"><p>[vc_row padding_top_multiplier=&#8221;&#8221; padding_bottom_multiplier=&#8221;&#8221; mobile_columns_vertical_gap=&#8221;none&#8221;][vc_column width=&#8221;1\/4&#8243; tablet_sm_width=&#8221;1-6&#8243;][\/vc_column][vc_column width=&#8221;1\/2&#8243; content_width=&#8221;custom&#8221; horizontal_content_position=&#8221;center&#8221; text_align=&#8221;center&#8221; tablet_sm_width=&#8221;2-3&#8243; custom_content_width=&#8221;470&#8243;]<div class=\"grve-element grve-image grve-align-center\">\r\n\t<div class=\"grve-image-item\">\r\n\t\t\r\n\r\n<div class=\"grve-image-wrapper grve-no-effect\">\r\n\t\t<div class=\"grve-thumbnail-wrapper\"  style=\"width: 600px;\"><div class=\"grve-thumbnail\"  style=\"padding-top: 25%;\"><img loading=\"lazy\" decoding=\"async\" width=\"600\" height=\"150\" src=\"https:\/\/www.himla.fi\/wp-content\/uploads\/2024\/01\/Logo_vanha.png\" class=\"attachment-full size-full\" alt=\"Himla Logo\" data-column-space=\"auto\" data-lazyload=\"\" data-grve-filter=\"yes\" srcset=\"https:\/\/www.himla.fi\/wp-content\/uploads\/2024\/01\/Logo_vanha.png 600w, https:\/\/www.himla.fi\/wp-content\/uploads\/2024\/01\/Logo_vanha-300x75.png 300w\" sizes=\"auto, (max-width: 600px) 100vw, 600px\" \/><\/div><\/div>\t<\/div>\r\n\t<\/div>\r\n<\/div>\r\n<div class=\"grve-empty-space grve-height-1x\"><\/div><h5 class=\"grve-element grve-title grve-align-inherit grve-h6\"><span>Sivustomme uudistuu. L\u00f6yd\u00e4t meid\u00e4t jatkossakin tutuista toimipisteist\u00e4mme, Tampereelta ja Lahdesta.<\/span><\/h5>[\/vc_column][vc_column width=&#8221;1\/4&#8243; tablet_sm_width=&#8221;1-6&#8243;][\/vc_column][vc_column vertical_content_position=&#8221;middle&#8221; text_align=&#8221;center&#8221;]<div class=\"grve-empty-space grve-height-1x\"><\/div>[\/vc_column][vc_column vertical_content_position=&#8221;middle&#8221;][vc_row_inner padding_bottom_multiplier=&#8221;3x&#8221; columns_gap=&#8221;none&#8221; mobile_columns_vertical_gap=&#8221;none&#8221;][vc_column_inner width=&#8221;1\/2&#8243; text_align=&#8221;center&#8221; animation_delay=&#8221;200&#8243; grve_css=&#8221;{&#8221;desktop&#8221;:{&#8221;border-right&#8221;:1,&#8221;padding-top&#8221;:&#8221;30&#8221;,&#8221;padding-right&#8221;:&#8221;30&#8221;,&#8221;padding-bottom&#8221;:&#8221;30&#8221;,&#8221;padding-left&#8221;:&#8221;30&#8221;,&#8221;border-color&#8221;:&#8221;#e1e1e1&#8221;,&#8221;border-style&#8221;:&#8221;solid&#8221;,&#8221;class&#8221;:&#8221;grve-wpb-1705938874194&#8221;},&#8221;mobile_landscape&#8221;:{&#8221;border-right&#8221;:0,&#8221;border-bottom&#8221;:1}}&#8221;]<h3 class=\"grve-element grve-title grve-align-inherit grve-h6\" style=\"margin-bottom: 18px;\"><span>Tampere<\/span><\/h3>[vc_column_text]Aleksis Kiven katu 20A,<br \/>\n33200 Tampere<br \/>\n<a href=\"mailto:info@himla.fi\">info@himla.fi<\/a>[\/vc_column_text]<div class=\"grve-empty-space grve-height-1x\"><\/div>[\/vc_column_inner][vc_column_inner width=&#8221;1\/2&#8243; text_align=&#8221;center&#8221; animation_delay=&#8221;300&#8243; grve_css=&#8221;{&#8221;desktop&#8221;:{&#8221;border-right&#8221;:1,&#8221;padding-top&#8221;:&#8221;30&#8221;,&#8221;padding-right&#8221;:&#8221;30&#8221;,&#8221;padding-bottom&#8221;:&#8221;30&#8221;,&#8221;padding-left&#8221;:&#8221;30&#8221;,&#8221;border-color&#8221;:&#8221;#e1e1e1&#8221;,&#8221;border-style&#8221;:&#8221;solid&#8221;,&#8221;class&#8221;:&#8221;grve-wpb-1705938887511&#8221;},&#8221;mobile_landscape&#8221;:{&#8221;border-right&#8221;:0,&#8221;border-bottom&#8221;:1}}&#8221;]<h3 class=\"grve-element grve-title grve-align-inherit grve-h6\" style=\"margin-bottom: 18px;\"><span>Lahti<\/span><\/h3>[vc_column_text]Aleksanterinkatu 17 A,<br \/>\n15110 Lahti<br \/>\n<a href=\"mailto:info@himla.fi\">info@himla.fi<\/a>[\/vc_column_text]<div class=\"grve-empty-space grve-height-1x\"><\/div>[\/vc_column_inner][\/vc_row_inner][\/vc_column][vc_column][vc_row_inner][vc_column_inner width=&#8221;1\/3&#8243;]<div class=\"grve-element grve-image grve-align-center\" style=\"margin-bottom: 2em;\">\r\n\t<div class=\"grve-image-item\">\r\n\t\t\r\n\r\n<div class=\"grve-image-wrapper grve-no-effect\">\r\n\t\t<div class=\"grve-thumbnail-wrapper\"  style=\"width: 1638px;\"><div class=\"grve-thumbnail\"  style=\"padding-top: 125.031%;\"><img loading=\"lazy\" decoding=\"async\" width=\"1638\" height=\"2048\" src=\"https:\/\/www.himla.fi\/wp-content\/uploads\/2024\/01\/Jari-4.jpeg\" class=\"attachment-full size-full\" alt=\"Jari M\u00e4kimartti\" data-column-space=\"auto\" data-lazyload=\"\" data-grve-filter=\"yes\" srcset=\"https:\/\/www.himla.fi\/wp-content\/uploads\/2024\/01\/Jari-4.jpeg 1638w, https:\/\/www.himla.fi\/wp-content\/uploads\/2024\/01\/Jari-4-240x300.jpeg 240w, https:\/\/www.himla.fi\/wp-content\/uploads\/2024\/01\/Jari-4-819x1024.jpeg 819w, https:\/\/www.himla.fi\/wp-content\/uploads\/2024\/01\/Jari-4-768x960.jpeg 768w, https:\/\/www.himla.fi\/wp-content\/uploads\/2024\/01\/Jari-4-1229x1536.jpeg 1229w, https:\/\/www.himla.fi\/wp-content\/uploads\/2024\/01\/Jari-4-1536x1920.jpeg 1536w\" sizes=\"auto, (max-width: 1638px) 100vw, 1638px\" \/><\/div><\/div>\t<\/div>\r\n\t<\/div>\r\n<\/div>\r\n[vc_column_text]<\/p>\n<h6>Jari M\u00e4kimartti<\/h6>\n<p><a href=\"mailto:jari.makimartti@arkkitehti.fi\">jari.makimartti@arkkitehti.fi<\/a><br \/>\n040 522 9601[\/vc_column_text][\/vc_column_inner][vc_column_inner width=&#8221;1\/3&#8243;]<div class=\"grve-element grve-image grve-align-center\" style=\"margin-bottom: 2em;\">\r\n\t<div class=\"grve-image-item\">\r\n\t\t\r\n\r\n<div class=\"grve-image-wrapper grve-no-effect\">\r\n\t\t<div class=\"grve-thumbnail-wrapper\"  style=\"width: 1638px;\"><div class=\"grve-thumbnail\"  style=\"padding-top: 125.031%;\"><img loading=\"lazy\" decoding=\"async\" width=\"1638\" height=\"2048\" src=\"https:\/\/www.himla.fi\/wp-content\/uploads\/2024\/01\/Topi-3.jpeg\" class=\"attachment-full size-full\" alt=\"Topi Laaksonen\" data-column-space=\"auto\" data-lazyload=\"\" data-grve-filter=\"yes\" srcset=\"https:\/\/www.himla.fi\/wp-content\/uploads\/2024\/01\/Topi-3.jpeg 1638w, https:\/\/www.himla.fi\/wp-content\/uploads\/2024\/01\/Topi-3-240x300.jpeg 240w, https:\/\/www.himla.fi\/wp-content\/uploads\/2024\/01\/Topi-3-819x1024.jpeg 819w, https:\/\/www.himla.fi\/wp-content\/uploads\/2024\/01\/Topi-3-768x960.jpeg 768w, https:\/\/www.himla.fi\/wp-content\/uploads\/2024\/01\/Topi-3-1229x1536.jpeg 1229w, https:\/\/www.himla.fi\/wp-content\/uploads\/2024\/01\/Topi-3-1536x1920.jpeg 1536w\" sizes=\"auto, (max-width: 1638px) 100vw, 1638px\" \/><\/div><\/div>\t<\/div>\r\n\t<\/div>\r\n<\/div>\r\n[vc_column_text]<\/p>\n<h6>Topi Laaksonen<\/h6>\n<p><a href=\"mailto:topi.laaksonen@arkkitehti.fi\">topi.laaksonen@arkkitehti.fi<\/a><br \/>\n040 582 3111[\/vc_column_text][\/vc_column_inner][vc_column_inner width=&#8221;1\/3&#8243;]<div class=\"grve-element grve-image grve-align-center\" style=\"margin-bottom: 2em;\">\r\n\t<div class=\"grve-image-item\">\r\n\t\t\r\n\r\n<div class=\"grve-image-wrapper grve-no-effect\">\r\n\t\t<div class=\"grve-thumbnail-wrapper\"  style=\"width: 1638px;\"><div class=\"grve-thumbnail\"  style=\"padding-top: 125.031%;\"><img loading=\"lazy\" decoding=\"async\" width=\"1638\" height=\"2048\" src=\"https:\/\/www.himla.fi\/wp-content\/uploads\/2024\/01\/Jussi-4.jpeg\" class=\"attachment-full size-full\" alt=\"Jussi hietalahti\" data-column-space=\"auto\" data-lazyload=\"\" data-grve-filter=\"yes\" srcset=\"https:\/\/www.himla.fi\/wp-content\/uploads\/2024\/01\/Jussi-4.jpeg 1638w, https:\/\/www.himla.fi\/wp-content\/uploads\/2024\/01\/Jussi-4-240x300.jpeg 240w, https:\/\/www.himla.fi\/wp-content\/uploads\/2024\/01\/Jussi-4-819x1024.jpeg 819w, https:\/\/www.himla.fi\/wp-content\/uploads\/2024\/01\/Jussi-4-768x960.jpeg 768w, https:\/\/www.himla.fi\/wp-content\/uploads\/2024\/01\/Jussi-4-1229x1536.jpeg 1229w, https:\/\/www.himla.fi\/wp-content\/uploads\/2024\/01\/Jussi-4-1536x1920.jpeg 1536w\" sizes=\"auto, (max-width: 1638px) 100vw, 1638px\" \/><\/div><\/div>\t<\/div>\r\n\t<\/div>\r\n<\/div>\r\n[vc_column_text]<\/p>\n<h6>Jussi Hietalahti<\/h6>\n<p><a href=\"mailto:jussi.hietalahti@arkkitehti.fi\">jussi.hietalahti@arkkitehti.fi<\/a><br \/>\n040 558 5141[\/vc_column_text][\/vc_column_inner][\/vc_row_inner][\/vc_column][vc_column]<div class=\"grve-empty-space grve-height-4x\"><\/div>[\/vc_column][\/vc_row]<\/p>\n<\/div>","protected":false},"excerpt":{"rendered":"<p>[vc_row padding_top_multiplier=&#8221;&#8221; padding_bottom_multiplier=&#8221;&#8221; mobile_columns_vertical_gap=&#8221;none&#8221;][vc_column width=&#8221;1\/4&#8243; tablet_sm_width=&#8221;1-6&#8243;][\/vc_column][vc_column width=&#8221;1\/2&#8243; content_width=&#8221;custom&#8221; horizontal_content_position=&#8221;center&#8221; text_align=&#8221;center&#8221; tablet_sm_width=&#8221;2-3&#8243; custom_content_width=&#8221;470&#8243;][\/vc_column][vc_column width=&#8221;1\/4&#8243; tablet_sm_width=&#8221;1-6&#8243;][\/vc_column][vc_column vertical_content_position=&#8221;middle&#8221; text_align=&#8221;center&#8221;][\/vc_column][vc_column vertical_content_position=&#8221;middle&#8221;][vc_row_inner padding_bottom_multiplier=&#8221;3x&#8221; columns_gap=&#8221;none&#8221; mobile_columns_vertical_gap=&#8221;none&#8221;][vc_column_inner width=&#8221;1\/2&#8243; text_align=&#8221;center&#8221; animation_delay=&#8221;200&#8243; grve_css=&#8221;{&#8221;desktop&#8221;:{&#8221;border-right&#8221;:1,&#8221;padding-top&#8221;:&#8221;30&#8221;,&#8221;padding-right&#8221;:&#8221;30&#8221;,&#8221;padding-bottom&#8221;:&#8221;30&#8221;,&#8221;padding-left&#8221;:&#8221;30&#8221;,&#8221;border-color&#8221;:&#8221;#e1e1e1&#8221;,&#8221;border-style&#8221;:&#8221;solid&#8221;,&#8221;class&#8221;:&#8221;grve-wpb-1705938874194&#8221;},&#8221;mobile_landscape&#8221;:{&#8221;border-right&#8221;:0,&#8221;border-bottom&#8221;:1}}&#8221;][vc_column_text]Aleksis Kiven katu 20A, 33200 Tampere info@himla.fi[\/vc_column_text][\/vc_column_inner][vc_column_inner width=&#8221;1\/2&#8243; text_align=&#8221;center&#8221; animation_delay=&#8221;300&#8243; grve_css=&#8221;{&#8221;desktop&#8221;:{&#8221;border-right&#8221;:1,&#8221;padding-top&#8221;:&#8221;30&#8221;,&#8221;padding-right&#8221;:&#8221;30&#8221;,&#8221;padding-bottom&#8221;:&#8221;30&#8221;,&#8221;padding-left&#8221;:&#8221;30&#8221;,&#8221;border-color&#8221;:&#8221;#e1e1e1&#8221;,&#8221;border-style&#8221;:&#8221;solid&#8221;,&#8221;class&#8221;:&#8221;grve-wpb-1705938887511&#8221;},&#8221;mobile_landscape&#8221;:{&#8221;border-right&#8221;:0,&#8221;border-bottom&#8221;:1}}&#8221;][vc_column_text]Aleksanterinkatu 17 A, 15110 Lahti info@himla.fi[\/vc_column_text][\/vc_column_inner][\/vc_row_inner][\/vc_column][vc_column][vc_row_inner][vc_column_inner width=&#8221;1\/3&#8243;][vc_column_text] Jari M\u00e4kimartti jari.makimartti@arkkitehti.fi 040 522 9601[\/vc_column_text][\/vc_column_inner][vc_column_inner width=&#8221;1\/3&#8243;][vc_column_text] Topi Laaksonen topi.laaksonen@arkkitehti.fi 040 582 3111[\/vc_column_text][\/vc_column_inner][vc_column_inner width=&#8221;1\/3&#8243;][vc_column_text] Jussi [&hellip;]<\/p>\n","protected":false},"author":1,"featured_media":0,"parent":0,"menu_order":0,"comment_status":"closed","ping_status":"closed","template":"","meta":{"footnotes":""},"class_list":["post-49","page","type-page","status-publish","hentry","grve-entry-item"],"_links":{"self":[{"href":"https:\/\/www.himla.fi\/index.php\/wp-json\/wp\/v2\/pages\/49","targetHints":{"allow":["GET"]}}],"collection":[{"href":"https:\/\/www.himla.fi\/index.php\/wp-json\/wp\/v2\/pages"}],"about":[{"href":"https:\/\/www.himla.fi\/index.php\/wp-json\/wp\/v2\/types\/page"}],"author":[{"embeddable":true,"href":"https:\/\/www.himla.fi\/index.php\/wp-json\/wp\/v2\/users\/1"}],"replies":[{"embeddable":true,"href":"https:\/\/www.himla.fi\/index.php\/wp-json\/wp\/v2\/comments?post=49"}],"version-history":[{"count":14,"href":"https:\/\/www.himla.fi\/index.php\/wp-json\/wp\/v2\/pages\/49\/revisions"}],"predecessor-version":[{"id":84,"href":"https:\/\/www.himla.fi\/index.php\/wp-json\/wp\/v2\/pages\/49\/revisions\/84"}],"wp:attachment":[{"href":"https:\/\/www.himla.fi\/index.php\/wp-json\/wp\/v2\/media?parent=49"}],"curies":[{"name":"wp","href":"https:\/\/api.w.org\/{rel}","templated":true}]}}